{"id":533,"date":"2023-10-13T10:44:58","date_gmt":"2023-10-13T10:44:58","guid":{"rendered":"https:\/\/italiancolor.it\/?post_type=product&#038;p=533"},"modified":"2026-01-07T15:51:06","modified_gmt":"2026-01-07T15:51:06","slug":"traspira","status":"publish","type":"product","link":"https:\/\/italiancolor.it\/ro\/negozio\/finiture-per-interni\/traspira\/","title":{"rendered":"TRASPIRA"},"content":{"rendered":"<p>Traspirante Vinilica per soffitti e pareti interne dotata di buona copertura, punto di bianco e facilit\u00e0 di applicazione. Ideale per bagni, cucine, cantine e tutti quegli ambienti dove \u00e8 richiesta una forte traspirabilit\u00e0. Indicata anche per applicazioni a mezzo airless su grandi superfici interne di capannoni industriali.<\/p>","protected":false},"excerpt":{"rendered":"<p>Idropittura Supertraspirante<\/p>\n<p><a href=\"https:\/\/italiancolor.it\/wp-admin\/admin-ajax.php?juwpfisadmin=false&amp;action=wpfd&amp;task=file.download&amp;wpfd_category_id=116&amp;wpfd_file_id=786\">Visualizza Scheda Tecnica Prodotto<\/a><\/p>","protected":false},"featured_media":952,"comment_status":"open","ping_status":"closed","template":"","meta":[],"product_cat":[51,128],"product_tag":[],"class_list":["post-533","product","type-product","status-publish","has-post-thumbnail","hentry","product_cat-finiture-per-interni","product_cat-idropitture-traspiranti","pa_litri-4-lt","pa_litri-14-lt"],"yoast_head":"<!-- This site is optimized with the Yoast SEO plugin v21.9.1 - https:\/\/yoast.com\/wordpress\/plugins\/seo\/ -->\n<title>TRASPIRA - Italian Color<\/title>\n<meta name=\"robots\" content=\"index, follow, max-snippet:-1, max-image-preview:large, max-video-preview:-1\" \/>\n<link rel=\"canonical\" href=\"https:\/\/italiancolor.it\/ro\/negozio\/finiture-per-interni\/traspira\/\" \/>\n<meta property=\"og:locale\" content=\"ro_RO\" \/>\n<meta property=\"og:type\" content=\"article\" \/>\n<meta property=\"og:title\" content=\"TRASPIRA - Italian Color\" \/>\n<meta property=\"og:description\" content=\"Idropittura Supertraspirante  Visualizza Scheda Tecnica Prodotto\" \/>\n<meta property=\"og:url\" content=\"https:\/\/italiancolor.it\/ro\/negozio\/finiture-per-interni\/traspira\/\" \/>\n<meta property=\"og:site_name\" content=\"Italian Color\" \/>\n<meta property=\"article:modified_time\" content=\"2026-01-07T15:51:06+00:00\" \/>\n<meta property=\"og:image\" content=\"https:\/\/italiancolor.it\/wp-content\/uploads\/2023\/10\/Traspira-scaled.jpg\" \/>\n\t<meta property=\"og:image:width\" content=\"2560\" \/>\n\t<meta property=\"og:image:height\" content=\"2560\" \/>\n\t<meta property=\"og:image:type\" content=\"image\/jpeg\" \/>\n<meta name=\"twitter:card\" content=\"summary_large_image\" \/>\n<meta name=\"twitter:label1\" content=\"Timp estimat pentru citire\" \/>\n\t<meta name=\"twitter:data1\" content=\"1 minut\" \/>\n<script type=\"application\/ld+json\" class=\"yoast-schema-graph\">{\"@context\":\"https:\/\/schema.org\",\"@graph\":[{\"@type\":\"WebPage\",\"@id\":\"https:\/\/italiancolor.it\/negozio\/finiture-per-interni\/traspira\/\",\"url\":\"https:\/\/italiancolor.it\/negozio\/finiture-per-interni\/traspira\/\",\"name\":\"TRASPIRA - Italian Color\",\"isPartOf\":{\"@id\":\"https:\/\/italiancolor.it\/#website\"},\"datePublished\":\"2023-10-13T10:44:58+00:00\",\"dateModified\":\"2026-01-07T15:51:06+00:00\",\"breadcrumb\":{\"@id\":\"https:\/\/italiancolor.it\/negozio\/finiture-per-interni\/traspira\/#breadcrumb\"},\"inLanguage\":\"ro-RO\",\"potentialAction\":[{\"@type\":\"ReadAction\",\"target\":[\"https:\/\/italiancolor.it\/negozio\/finiture-per-interni\/traspira\/\"]}]},{\"@type\":\"BreadcrumbList\",\"@id\":\"https:\/\/italiancolor.it\/negozio\/finiture-per-interni\/traspira\/#breadcrumb\",\"itemListElement\":[{\"@type\":\"ListItem\",\"position\":1,\"name\":\"Home\",\"item\":\"https:\/\/italiancolor.it\/\"},{\"@type\":\"ListItem\",\"position\":2,\"name\":\"Shop\",\"item\":\"https:\/\/italiancolor.it\/negozio\/\"},{\"@type\":\"ListItem\",\"position\":3,\"name\":\"TRASPIRA\"}]},{\"@type\":\"WebSite\",\"@id\":\"https:\/\/italiancolor.it\/#website\",\"url\":\"https:\/\/italiancolor.it\/\",\"name\":\"Italian Color\",\"description\":\"\",\"potentialAction\":[{\"@type\":\"SearchAction\",\"target\":{\"@type\":\"EntryPoint\",\"urlTemplate\":\"https:\/\/italiancolor.it\/?s={search_term_string}\"},\"query-input\":\"required name=search_term_string\"}],\"inLanguage\":\"ro-RO\"}]}<\/script>\n<!-- \/ Yoast SEO plugin. -->","yoast_head_json":{"title":"TRASPIRA - Italian Color","robots":{"index":"index","follow":"follow","max-snippet":"max-snippet:-1","max-image-preview":"max-image-preview:large","max-video-preview":"max-video-preview:-1"},"canonical":"https:\/\/italiancolor.it\/ro\/negozio\/finiture-per-interni\/traspira\/","og_locale":"ro_RO","og_type":"article","og_title":"TRASPIRA - Italian Color","og_description":"Idropittura Supertraspirante  Visualizza Scheda Tecnica Prodotto","og_url":"https:\/\/italiancolor.it\/ro\/negozio\/finiture-per-interni\/traspira\/","og_site_name":"Italian Color","article_modified_time":"2026-01-07T15:51:06+00:00","og_image":[{"width":2560,"height":2560,"url":"https:\/\/italiancolor.it\/wp-content\/uploads\/2023\/10\/Traspira-scaled.jpg","type":"image\/jpeg"}],"twitter_card":"summary_large_image","twitter_misc":{"Timp estimat pentru citire":"1 minut"},"schema":{"@context":"https:\/\/schema.org","@graph":[{"@type":"WebPage","@id":"https:\/\/italiancolor.it\/negozio\/finiture-per-interni\/traspira\/","url":"https:\/\/italiancolor.it\/negozio\/finiture-per-interni\/traspira\/","name":"TRASPIRA - Italian Color","isPartOf":{"@id":"https:\/\/italiancolor.it\/#website"},"datePublished":"2023-10-13T10:44:58+00:00","dateModified":"2026-01-07T15:51:06+00:00","breadcrumb":{"@id":"https:\/\/italiancolor.it\/negozio\/finiture-per-interni\/traspira\/#breadcrumb"},"inLanguage":"ro-RO","potentialAction":[{"@type":"ReadAction","target":["https:\/\/italiancolor.it\/negozio\/finiture-per-interni\/traspira\/"]}]},{"@type":"BreadcrumbList","@id":"https:\/\/italiancolor.it\/negozio\/finiture-per-interni\/traspira\/#breadcrumb","itemListElement":[{"@type":"ListItem","position":1,"name":"Home","item":"https:\/\/italiancolor.it\/"},{"@type":"ListItem","position":2,"name":"Shop","item":"https:\/\/italiancolor.it\/negozio\/"},{"@type":"ListItem","position":3,"name":"TRASPIRA"}]},{"@type":"WebSite","@id":"https:\/\/italiancolor.it\/#website","url":"https:\/\/italiancolor.it\/","name":"Italian Color","description":"","potentialAction":[{"@type":"SearchAction","target":{"@type":"EntryPoint","urlTemplate":"https:\/\/italiancolor.it\/?s={search_term_string}"},"query-input":"required name=search_term_string"}],"inLanguage":"ro-RO"}]}},"_links":{"self":[{"href":"https:\/\/italiancolor.it\/ro\/wp-json\/wp\/v2\/product\/533","targetHints":{"allow":["GET"]}}],"collection":[{"href":"https:\/\/italiancolor.it\/ro\/wp-json\/wp\/v2\/product"}],"about":[{"href":"https:\/\/italiancolor.it\/ro\/wp-json\/wp\/v2\/types\/product"}],"replies":[{"embeddable":true,"href":"https:\/\/italiancolor.it\/ro\/wp-json\/wp\/v2\/comments?post=533"}],"wp:featuredmedia":[{"embeddable":true,"href":"https:\/\/italiancolor.it\/ro\/wp-json\/wp\/v2\/media\/952"}],"wp:attachment":[{"href":"https:\/\/italiancolor.it\/ro\/wp-json\/wp\/v2\/media?parent=533"}],"wp:term":[{"taxonomy":"product_cat","embeddable":true,"href":"https:\/\/italiancolor.it\/ro\/wp-json\/wp\/v2\/product_cat?post=533"},{"taxonomy":"product_tag","embeddable":true,"href":"https:\/\/italiancolor.it\/ro\/wp-json\/wp\/v2\/product_tag?post=533"}],"curies":[{"name":"wp","href":"https:\/\/api.w.org\/{rel}","templated":true}]}}