{"id":759,"date":"2023-10-14T14:09:51","date_gmt":"2023-10-14T14:09:51","guid":{"rendered":"https:\/\/italiancolor.it\/?post_type=product&#038;p=759"},"modified":"2026-01-07T14:10:00","modified_gmt":"2026-01-07T14:10:00","slug":"hydrostar-flatting-2","status":"publish","type":"product","link":"https:\/\/italiancolor.it\/ro\/negozio\/prodotti-per-legno\/hydrostar-flatting-2\/","title":{"rendered":"HYDROSTAR FLATTING"},"content":{"rendered":"<p>Vernice trasparente, inodore, a base di resine acriliche in emulsione acquosa ed esente da solventi. Resistente alle intemperie, protegge durevolmente il legno sia in ambiente marino che ad alta quota senza ingiallire. E\u2019 idonea all\u2019uso anche in ambienti interni abitati, poich\u00e9 non rilascia n\u00e9 odori n\u00e9 sostanze nocive. Esalta le venature naturali del legno.<\/p>","protected":false},"excerpt":{"rendered":"<p>Vernice ad Acqua Lucida\/Opaca<\/p>\n<p><a href=\"https:\/\/italiancolor.it\/wp-admin\/admin-ajax.php?juwpfisadmin=false&amp;action=wpfd&amp;task=file.download&amp;wpfd_category_id=120&amp;wpfd_file_id=834\">Visualizza Scheda Tecnica Prodotto<\/a><\/p>","protected":false},"featured_media":1433,"comment_status":"open","ping_status":"closed","template":"","meta":[],"product_cat":[133,74],"product_tag":[],"class_list":["post-759","product","type-product","status-publish","has-post-thumbnail","hentry","product_cat-acqua-per-legno","product_cat-prodotti-per-legno","pa_brillantezza-lucida","pa_brillantezza-opaca","pa_litri-075-lt"],"yoast_head":"<!-- This site is optimized with the Yoast SEO plugin v21.9.1 - https:\/\/yoast.com\/wordpress\/plugins\/seo\/ -->\n<title>HYDROSTAR FLATTING - Italian Color<\/title>\n<meta name=\"robots\" content=\"index, follow, max-snippet:-1, max-image-preview:large, max-video-preview:-1\" \/>\n<link rel=\"canonical\" href=\"https:\/\/italiancolor.it\/ro\/negozio\/prodotti-per-legno\/hydrostar-flatting-2\/\" \/>\n<meta property=\"og:locale\" content=\"ro_RO\" \/>\n<meta property=\"og:type\" content=\"article\" \/>\n<meta property=\"og:title\" content=\"HYDROSTAR FLATTING - Italian Color\" \/>\n<meta property=\"og:description\" content=\"Vernice ad Acqua Lucida\/Opaca  Visualizza Scheda Tecnica Prodotto\" \/>\n<meta property=\"og:url\" content=\"https:\/\/italiancolor.it\/ro\/negozio\/prodotti-per-legno\/hydrostar-flatting-2\/\" \/>\n<meta property=\"og:site_name\" content=\"Italian Color\" \/>\n<meta property=\"article:modified_time\" content=\"2026-01-07T14:10:00+00:00\" \/>\n<meta property=\"og:image\" content=\"https:\/\/italiancolor.it\/wp-content\/uploads\/2023\/10\/hidrostar-flatting.jpg\" \/>\n\t<meta property=\"og:image:width\" content=\"1654\" \/>\n\t<meta property=\"og:image:height\" content=\"1575\" \/>\n\t<meta property=\"og:image:type\" content=\"image\/jpeg\" \/>\n<meta name=\"twitter:card\" content=\"summary_large_image\" \/>\n<meta name=\"twitter:label1\" content=\"Timp estimat pentru citire\" \/>\n\t<meta name=\"twitter:data1\" content=\"1 minut\" \/>\n<script type=\"application\/ld+json\" class=\"yoast-schema-graph\">{\"@context\":\"https:\/\/schema.org\",\"@graph\":[{\"@type\":\"WebPage\",\"@id\":\"https:\/\/italiancolor.it\/negozio\/prodotti-per-legno\/hydrostar-flatting-2\/\",\"url\":\"https:\/\/italiancolor.it\/negozio\/prodotti-per-legno\/hydrostar-flatting-2\/\",\"name\":\"HYDROSTAR FLATTING - Italian Color\",\"isPartOf\":{\"@id\":\"https:\/\/italiancolor.it\/#website\"},\"datePublished\":\"2023-10-14T14:09:51+00:00\",\"dateModified\":\"2026-01-07T14:10:00+00:00\",\"breadcrumb\":{\"@id\":\"https:\/\/italiancolor.it\/negozio\/prodotti-per-legno\/hydrostar-flatting-2\/#breadcrumb\"},\"inLanguage\":\"ro-RO\",\"potentialAction\":[{\"@type\":\"ReadAction\",\"target\":[\"https:\/\/italiancolor.it\/negozio\/prodotti-per-legno\/hydrostar-flatting-2\/\"]}]},{\"@type\":\"BreadcrumbList\",\"@id\":\"https:\/\/italiancolor.it\/negozio\/prodotti-per-legno\/hydrostar-flatting-2\/#breadcrumb\",\"itemListElement\":[{\"@type\":\"ListItem\",\"position\":1,\"name\":\"Home\",\"item\":\"https:\/\/italiancolor.it\/\"},{\"@type\":\"ListItem\",\"position\":2,\"name\":\"Shop\",\"item\":\"https:\/\/italiancolor.it\/negozio\/\"},{\"@type\":\"ListItem\",\"position\":3,\"name\":\"HYDROSTAR FLATTING\"}]},{\"@type\":\"WebSite\",\"@id\":\"https:\/\/italiancolor.it\/#website\",\"url\":\"https:\/\/italiancolor.it\/\",\"name\":\"Italian Color\",\"description\":\"\",\"potentialAction\":[{\"@type\":\"SearchAction\",\"target\":{\"@type\":\"EntryPoint\",\"urlTemplate\":\"https:\/\/italiancolor.it\/?s={search_term_string}\"},\"query-input\":\"required name=search_term_string\"}],\"inLanguage\":\"ro-RO\"}]}<\/script>\n<!-- \/ Yoast SEO plugin. -->","yoast_head_json":{"title":"HYDROSTAR FLATTING - Italian Color","robots":{"index":"index","follow":"follow","max-snippet":"max-snippet:-1","max-image-preview":"max-image-preview:large","max-video-preview":"max-video-preview:-1"},"canonical":"https:\/\/italiancolor.it\/ro\/negozio\/prodotti-per-legno\/hydrostar-flatting-2\/","og_locale":"ro_RO","og_type":"article","og_title":"HYDROSTAR FLATTING - Italian Color","og_description":"Vernice ad Acqua Lucida\/Opaca  Visualizza Scheda Tecnica Prodotto","og_url":"https:\/\/italiancolor.it\/ro\/negozio\/prodotti-per-legno\/hydrostar-flatting-2\/","og_site_name":"Italian Color","article_modified_time":"2026-01-07T14:10:00+00:00","og_image":[{"width":1654,"height":1575,"url":"https:\/\/italiancolor.it\/wp-content\/uploads\/2023\/10\/hidrostar-flatting.jpg","type":"image\/jpeg"}],"twitter_card":"summary_large_image","twitter_misc":{"Timp estimat pentru citire":"1 minut"},"schema":{"@context":"https:\/\/schema.org","@graph":[{"@type":"WebPage","@id":"https:\/\/italiancolor.it\/negozio\/prodotti-per-legno\/hydrostar-flatting-2\/","url":"https:\/\/italiancolor.it\/negozio\/prodotti-per-legno\/hydrostar-flatting-2\/","name":"HYDROSTAR FLATTING - Italian Color","isPartOf":{"@id":"https:\/\/italiancolor.it\/#website"},"datePublished":"2023-10-14T14:09:51+00:00","dateModified":"2026-01-07T14:10:00+00:00","breadcrumb":{"@id":"https:\/\/italiancolor.it\/negozio\/prodotti-per-legno\/hydrostar-flatting-2\/#breadcrumb"},"inLanguage":"ro-RO","potentialAction":[{"@type":"ReadAction","target":["https:\/\/italiancolor.it\/negozio\/prodotti-per-legno\/hydrostar-flatting-2\/"]}]},{"@type":"BreadcrumbList","@id":"https:\/\/italiancolor.it\/negozio\/prodotti-per-legno\/hydrostar-flatting-2\/#breadcrumb","itemListElement":[{"@type":"ListItem","position":1,"name":"Home","item":"https:\/\/italiancolor.it\/"},{"@type":"ListItem","position":2,"name":"Shop","item":"https:\/\/italiancolor.it\/negozio\/"},{"@type":"ListItem","position":3,"name":"HYDROSTAR FLATTING"}]},{"@type":"WebSite","@id":"https:\/\/italiancolor.it\/#website","url":"https:\/\/italiancolor.it\/","name":"Italian Color","description":"","potentialAction":[{"@type":"SearchAction","target":{"@type":"EntryPoint","urlTemplate":"https:\/\/italiancolor.it\/?s={search_term_string}"},"query-input":"required name=search_term_string"}],"inLanguage":"ro-RO"}]}},"_links":{"self":[{"href":"https:\/\/italiancolor.it\/ro\/wp-json\/wp\/v2\/product\/759","targetHints":{"allow":["GET"]}}],"collection":[{"href":"https:\/\/italiancolor.it\/ro\/wp-json\/wp\/v2\/product"}],"about":[{"href":"https:\/\/italiancolor.it\/ro\/wp-json\/wp\/v2\/types\/product"}],"replies":[{"embeddable":true,"href":"https:\/\/italiancolor.it\/ro\/wp-json\/wp\/v2\/comments?post=759"}],"wp:featuredmedia":[{"embeddable":true,"href":"https:\/\/italiancolor.it\/ro\/wp-json\/wp\/v2\/media\/1433"}],"wp:attachment":[{"href":"https:\/\/italiancolor.it\/ro\/wp-json\/wp\/v2\/media?parent=759"}],"wp:term":[{"taxonomy":"product_cat","embeddable":true,"href":"https:\/\/italiancolor.it\/ro\/wp-json\/wp\/v2\/product_cat?post=759"},{"taxonomy":"product_tag","embeddable":true,"href":"https:\/\/italiancolor.it\/ro\/wp-json\/wp\/v2\/product_tag?post=759"}],"curies":[{"name":"wp","href":"https:\/\/api.w.org\/{rel}","templated":true}]}}